{"id":8,"date":"2018-10-07T01:55:09","date_gmt":"2018-10-06T23:55:09","guid":{"rendered":"http:\/\/zikrurik.com\/?page_id=8"},"modified":"2025-12-05T02:00:04","modified_gmt":"2025-12-05T01:00:04","slug":"musicographie","status":"publish","type":"page","link":"http:\/\/zikrurik.com\/en\/musicographie\/","title":{"rendered":"MUSICOGRAPHY"},"content":{"rendered":"<h2>\u00a0\u00a0\u00a0\u00a0\u00a0 2025<\/h2>\n<ul>\n<li style=\"list-style-type: none;\">\n<ul>\n<li>Composition pour la bande originale du long-m\u00e9trage\u00a0<strong>Tristitia Noctis<\/strong>, de Lola Brien et L\u00e9o Barranco<\/li>\n<li>Cr\u00e9ation musicale du titre <strong>The trees that grow in your head <\/strong>pour l&rsquo;exposition \u00ab\u00a0Strange Cabin &amp; The explorer\u00a0\u00bb (\u00ab\u00a0<span class=\"x193iq5w xeuugli x13faqbe x1vvkbs xlh3980 xvmahel x1n0sxbx x1lliihq x1s928wv xhkezso x1gmr53x x1cpjm7i x1fgarty x1943h6x xudqn12 x3x7a5m x6prxxf xvq8zen xo1l8bm xzsf02u x1yc453h\" dir=\"auto\">\u5947\u5999\u306a\u5c0f\u5c4b\u3068\u63a2\u7d22\u8005<\/span>\u00ab\u00a0) \u00e0 Osaka, Japon<br \/>\n<iframe style=\"border: 0; width: 100%; height: 120px;\" src=\"https:\/\/bandcamp.com\/EmbeddedPlayer\/track=3806401402\/size=large\/bgcol=ffffff\/linkcol=0687f5\/tracklist=false\/artwork=small\/transparent=true\/\" seamless=\"\"><a href=\"https:\/\/rurik.bandcamp.com\/track\/the-trees-that-grow-in-your-head\">The trees that grow in your head by Rurik Sall\u00e9<\/a><\/iframe><\/li>\n<\/ul>\n<\/li>\n<\/ul>\n<h2>\u00a0\u00a0\u00a0\u00a0\u00a0 2024<\/h2>\n<ul>\n<li style=\"list-style-type: none;\">\n<ul>\n<li>Composition et arrangements du morceau <strong>Le Grand si\u00e8cle<\/strong> pour le groupe Fugu Dal Bronx, pour l&rsquo;album vinyle \u00ab\u00a0Abus de soufre\u00a0\u00bb (<em>Distorno\u00efz\/Deviation<\/em>)<\/li>\n<li>Co-composition et arrangements du morceau <strong>Il viendra<\/strong> en solo (avec Manard et Jean-Pierre Kalfon), pour l&rsquo;album vinyle \u00ab\u00a0Abus de soufre\u00a0\u00bb (<em>Distorno\u00efz\/Deviation<\/em>)<br \/>\n<iframe style=\"border: 0; width: 100%; height: 120px;\" src=\"https:\/\/bandcamp.com\/EmbeddedPlayer\/album=2105076067\/size=large\/bgcol=ffffff\/linkcol=0687f5\/tracklist=false\/artwork=small\/track=597321822\/transparent=true\/\" seamless=\"\"><a href=\"https:\/\/distornoiz.bandcamp.com\/album\/abus-de-soufre-lp\">Abus de Soufre &#8211; LP by Distorno\u00efz<\/a><\/iframe><iframe style=\"border: 0; width: 100%; height: 120px;\" src=\"https:\/\/bandcamp.com\/EmbeddedPlayer\/album=2105076067\/size=large\/bgcol=ffffff\/linkcol=0687f5\/tracklist=false\/artwork=small\/track=746608728\/transparent=true\/\" seamless=\"\"><a href=\"https:\/\/distornoiz.bandcamp.com\/album\/abus-de-soufre-lp\">Abus de Soufre &#8211; LP by Distorno\u00efz<\/a><\/iframe><\/li>\n<\/ul>\n<\/li>\n<\/ul>\n<h2>\u00a0\u00a0\u00a0\u00a0\u00a0 2023<\/h2>\n<ul>\n<li style=\"list-style-type: none;\">\n<ul>\n<li>Bande originale du long-m\u00e9trage <strong>Malicious <\/strong>(ex-<em>Braek<\/em>) (r\u00e9al. John Fallon)<\/li>\n<li>Composition et arrangements de la chanson <strong>The<\/strong> <strong>Crawling<\/strong> pour le film <em>Malicious<\/em><\/li>\n<li>Cr\u00e9ation sonore pour l&rsquo;exposition <strong>Mystery of the old man<\/strong> \u00e0 Osaka, Japon<br \/>\n<iframe style=\"border: 0; width: 100%; height: 472px;\" src=\"https:\/\/bandcamp.com\/EmbeddedPlayer\/album=950783151\/size=large\/bgcol=ffffff\/linkcol=0687f5\/artwork=small\/transparent=true\/\" seamless=\"\"><span style=\"display: inline-block; width: 0px; overflow: hidden; line-height: 0;\" data-mce-type=\"bookmark\" class=\"mce_SELRES_start\"><\/span><a href=\"https:\/\/rurik.bandcamp.com\/album\/malicious-o-s-t\">MALICIOUS O.S.T. by Rurik Sall\u00e9<\/a><\/iframe> <iframe loading=\"lazy\" title=\"YouTube video player\" src=\"https:\/\/www.youtube.com\/embed\/V12I-kDNT8s?si=-QJoxwlz2J29ZMdo\" width=\"350\" height=\"250\" frameborder=\"0\" allowfullscreen=\"allowfullscreen\"><\/iframe> <iframe style=\"border: 0; width: 100%; height: 120px;\" src=\"https:\/\/bandcamp.com\/EmbeddedPlayer\/album=3296925580\/size=large\/bgcol=ffffff\/linkcol=0687f5\/tracklist=false\/artwork=small\/transparent=true\/\" seamless=\"\"><a href=\"https:\/\/rurik.bandcamp.com\/album\/grains-poudre-mystery-of-the-old-man-exhibition\">Grains\/Poudre &#8211; \u00ab\u00a0Mystery of the old man\u00a0\u00bb exhibition by Rurik Sall\u00e9<\/a><\/iframe><\/li>\n<\/ul>\n<\/li>\n<\/ul>\n<h2>\u00a0\u00a0\u00a0\u00a0\u00a0 2022<\/h2>\n<ul>\n<li style=\"list-style-type: none;\">\n<ul>\n<li>Compositions + guitare pour l&rsquo;album <strong>M\u00e9fistof\u00e9lange<\/strong> de Jean-Pierre Kalfon<\/li>\n<li>Composition du titre <strong>Black Charm<\/strong> pour le r\u00e9alisateur Albert Pyun<iframe loading=\"lazy\" title=\"YouTube video player\" src=\"https:\/\/www.youtube.com\/embed\/bGq0l9Gzh6o?si=pvtNRSNMvSN6W3x0\" width=\"350\" height=\"250\" frameborder=\"0\" allowfullscreen=\"allowfullscreen\"><\/iframe><br \/>\n<iframe loading=\"lazy\" src=\"https:\/\/www.youtube.com\/embed\/8Ly52UHUPN0\" width=\"350\" height=\"250\" frameborder=\"0\" allowfullscreen=\"allowfullscreen\"><span style=\"display: inline-block; width: 0px; overflow: hidden; line-height: 0;\" data-mce-type=\"bookmark\" class=\"mce_SELRES_start\"><\/span><span style=\"display: inline-block; width: 0px; overflow: hidden; line-height: 0;\" data-mce-type=\"bookmark\" class=\"mce_SELRES_start\"><\/span><span style=\"display: inline-block; width: 0px; overflow: hidden; line-height: 0;\" data-mce-type=\"bookmark\" class=\"mce_SELRES_start\"><\/span><\/iframe><br \/>\n<iframe loading=\"lazy\" title=\"YouTube video player\" src=\"https:\/\/www.youtube.com\/embed\/_AtmXbtPdHQ\" width=\"350\" height=\"250\" frameborder=\"0\" allowfullscreen=\"allowfullscreen\"><span style=\"display: inline-block; width: 0px; overflow: hidden; line-height: 0;\" data-mce-type=\"bookmark\" class=\"mce_SELRES_start\"><\/span><\/iframe><br \/>\n<iframe loading=\"lazy\" title=\"YouTube video player\" src=\"https:\/\/www.youtube.com\/embed\/mW1DhiuvGK4\" width=\"350\" height=\"250\" frameborder=\"0\" allowfullscreen=\"allowfullscreen\"><span style=\"display: inline-block; width: 0px; overflow: hidden; line-height: 0;\" data-mce-type=\"bookmark\" class=\"mce_SELRES_start\"><\/span><span style=\"display: inline-block; width: 0px; overflow: hidden; line-height: 0;\" data-mce-type=\"bookmark\" class=\"mce_SELRES_start\"><\/span><\/iframe><br \/>\n<iframe style=\"border: 0; width: 100%; height: 120px;\" src=\"https:\/\/bandcamp.com\/EmbeddedPlayer\/track=3704017352\/size=large\/bgcol=ffffff\/linkcol=0687f5\/tracklist=false\/artwork=small\/transparent=true\/\" seamless=\"\"><a href=\"https:\/\/rurik.bandcamp.com\/track\/black-charm\">Black Charm by Rurik Sall\u00e9<\/a><\/iframe><\/li>\n<\/ul>\n<\/li>\n<\/ul>\n<h2>\u00a0\u00a0\u00a0\u00a0\u00a0 2021<\/h2>\n<ul>\n<li style=\"list-style-type: none;\">\n<ul>\n<li>Bande originale du film <strong>Zmiena<\/strong> (r\u00e9al. Pierre Renverseau)<br \/>\n<em>Prix de la<\/em> <em><em>Meilleure B.O., Santiago Horror Film Fest<\/em>, Chili<em><br \/>\n<span class=\"x193iq5w xeuugli x13faqbe x1vvkbs xlh3980 xvmahel x1n0sxbx x1lliihq x1s928wv xhkezso x1gmr53x x1cpjm7i x1fgarty x1943h6x xudqn12 x3x7a5m x6prxxf xvq8zen xo1l8bm xzsf02u x1yc453h\" dir=\"auto\">Prix de la Meilleure B.O., <span class=\"xt0psk2\">International Film Festival of Sriganganagar<\/span><\/span><\/em><span class=\"x193iq5w xeuugli x13faqbe x1vvkbs xlh3980 xvmahel x1n0sxbx x1lliihq x1s928wv xhkezso x1gmr53x x1cpjm7i x1fgarty x1943h6x xudqn12 x3x7a5m x6prxxf xvq8zen xo1l8bm xzsf02u x1yc453h\" dir=\"auto\"><span class=\"xt0psk2\">, Inde<\/span><\/span><br \/>\n<\/em><\/li>\n<li>Cr\u00e9ation sonore de l&rsquo;exposition <strong>Horizon des particules<\/strong> de Guillaume Friocourt \u00e0 St Malo, France<\/li>\n<li>Composition du titre <strong>Instant Distance<\/strong><br \/>\n<iframe style=\"border: 0; width: 100%; height: 472px;\" src=\"https:\/\/bandcamp.com\/EmbeddedPlayer\/album=2851672016\/size=large\/bgcol=ffffff\/linkcol=0687f5\/artwork=small\/transparent=true\/\" seamless=\"\"><a href=\"https:\/\/rurik.bandcamp.com\/album\/zvuk-zmiena-o-s-t\">Zvuk &#8211; ZMIENA O.S.T. by Rurik Sall\u00e9<\/a><br \/>\n<iframe style=\"border: 0; width: 100%; height: 120px;\" src=\"https:\/\/bandcamp.com\/EmbeddedPlayer\/track=3407694857\/size=large\/bgcol=ffffff\/linkcol=0687f5\/tracklist=false\/artwork=small\/transparent=true\/\" seamless=\"\"><a href=\"https:\/\/rurik.bandcamp.com\/track\/instant-distance\">Instant Distance by Rurik Sall\u00e9<\/a><\/iframe><\/iframe><iframe style=\"border: 0; width: 100%; height: 120px;\" src=\"https:\/\/bandcamp.com\/EmbeddedPlayer\/track=3407694857\/size=large\/bgcol=ffffff\/linkcol=0687f5\/tracklist=false\/artwork=small\/transparent=true\/\" seamless=\"\"><a href=\"https:\/\/rurik.bandcamp.com\/track\/instant-distance\">Instant Distance by Rurik Sall\u00e9<\/a><\/iframe><\/li>\n<\/ul>\n<\/li>\n<\/ul>\n<h2>\u00a0\u00a0\u00a0\u00a0\u00a0 2020<\/h2>\n<ul>\n<li style=\"list-style-type: none;\">\n<ul>\n<li>Cr\u00e9ation sonore pour<strong> La Nef des fous<\/strong> \u00e0 St-Sulpice-sur-sur-Risle, France<\/li>\n<li>Bande originale du film <strong>Particules<\/strong> (r\u00e9al. David Brunet)<\/li>\n<li>Cr\u00e9ation sonore pour l&rsquo;exposition <strong>Trames<\/strong> de Guillaume Friocourt \u00e0 St Briac sur Mer, France<\/li>\n<li>Bande sonore de l&rsquo;exposition <strong>Psychopath room<\/strong> \u00e0 Osaka, Nagano, Hiroshima, Japon<br \/>\n<iframe style=\"border: 0; width: 100%; height: 120px;\" src=\"https:\/\/bandcamp.com\/EmbeddedPlayer\/track=4011675153\/size=large\/bgcol=ffffff\/linkcol=0687f5\/tracklist=false\/artwork=small\/transparent=true\/\" seamless=\"\"><a href=\"https:\/\/rurik.bandcamp.com\/track\/rouge-bave-la-nef-des-fous-soundscape\">Rouge bave (La Nef des fous soundscape) by Rurik Sall\u00e9<\/a><\/iframe><br \/>\n<iframe style=\"border: 0; width: 100%; height: 274px;\" src=\"https:\/\/bandcamp.com\/EmbeddedPlayer\/album=1554069054\/size=large\/bgcol=ffffff\/linkcol=0687f5\/artwork=small\/transparent=true\/\" seamless=\"\"><span style=\"display: inline-block; width: 0px; overflow: hidden; line-height: 0;\" data-mce-type=\"bookmark\" class=\"mce_SELRES_start\"><\/span><a href=\"http:\/\/rurik.bandcamp.com\/album\/particules-o-s-t\">Particules O.S.T. by Rurik Sall\u00e9<\/a><\/iframe><br \/>\n<iframe style=\"border: 0; width: 100%; height: 120px;\" src=\"https:\/\/bandcamp.com\/EmbeddedPlayer\/track=3264031728\/size=large\/bgcol=ffffff\/linkcol=0687f5\/tracklist=false\/artwork=small\/transparent=true\/\" seamless=\"\"><a href=\"http:\/\/rurik.bandcamp.com\/track\/trames-soundscape\">Trames soundscape by Rurik Sall\u00e9<\/a><span style=\"display: inline-block; width: 0px; overflow: hidden; line-height: 0;\" data-mce-type=\"bookmark\" class=\"mce_SELRES_start\"><br \/>\n<iframe style=\"border: 0; width: 100%; height: 120px;\" src=\"https:\/\/bandcamp.com\/EmbeddedPlayer\/track=3648580982\/size=large\/bgcol=ffffff\/linkcol=0687f5\/tracklist=false\/artwork=small\/transparent=true\/\" seamless=\"\"><a href=\"http:\/\/rurik.bandcamp.com\/track\/luh-u-m-psychopath-room-o-s-t\">luh\u0323u\u0304m  (Psychopath room O.S.T.) by Rurik Sall\u00e9<\/a><\/iframe><\/span><\/iframe><\/li>\n<\/ul>\n<h2>2019<\/h2>\n<ul>\n<li>Bande originale du film <strong>Les Silences de Johnny<\/strong> (r\u00e9al. Pierre-William Glenn) &#8211; s\u00e9lection officielle Cannes 2019<br \/>\n<iframe style=\"border: 0; width: 100%; height: 241px;\" src=\"https:\/\/bandcamp.com\/EmbeddedPlayer\/album=1963718220\/size=large\/bgcol=ffffff\/linkcol=0687f5\/artwork=small\/transparent=true\/\" seamless=\"\"><a href=\"http:\/\/rurik.bandcamp.com\/album\/les-silences-de-johnny-soundtrack\">Les Silences de Johnny &#8211; soundtrack by Rurik Sall\u00e9<\/a><\/iframe><\/li>\n<\/ul>\n<h2>2018<\/h2>\n<ul>\n<li>Bande originale du film <strong>Trumbull Land<\/strong>, sur Douglas Trumbull (r\u00e9al. G. Wallet)<\/li>\n<li>Cr\u00e9ation sonore pour l&rsquo;exposition <strong>Odyss\u00e9e<\/strong>\u00a0de Yvon Lunven \u00e0 Rennes<\/li>\n<li>Cr\u00e9ation sonore pour l&rsquo;exposition <strong>Negative legacy<\/strong> \u00e0 Osaka, Japon<\/li>\n<li>Bande originale du doc <strong>Le Microdoc de \u00ab\u00a0Merde\u00a0!\u00a0\u00bb<\/strong><br \/>\n<iframe style=\"border: 0; width: 100%; height: 472px;\" src=\"https:\/\/bandcamp.com\/EmbeddedPlayer\/album=1489342270\/size=large\/bgcol=ffffff\/linkcol=0687f5\/artwork=small\/transparent=true\/\" seamless=\"\"><span style=\"display: inline-block; width: 0px; overflow: hidden; line-height: 0;\" data-mce-type=\"bookmark\" class=\"mce_SELRES_start\"><\/span><a href=\"http:\/\/rurik.bandcamp.com\/album\/trumbull-land-o-s-t\">Trumbull Land O.S.T. by Rurik Sall\u00e9<\/a><\/iframe><br \/>\n<iframe style=\"border: 0; width: 100%; height: 120px;\" src=\"https:\/\/bandcamp.com\/EmbeddedPlayer\/album=1063482381\/size=large\/bgcol=ffffff\/linkcol=0687f5\/tracklist=false\/artwork=small\/transparent=true\/\" seamless=\"\"><a href=\"http:\/\/rurik.bandcamp.com\/album\/odyss-e-soundtrack\">Odyss\u00e9e soundtrack by Rurik Sall\u00e9<\/a><\/iframe><br \/>\n<iframe style=\"border: 0; width: 100%; height: 120px;\" src=\"https:\/\/bandcamp.com\/EmbeddedPlayer\/track=2598371419\/size=large\/bgcol=ffffff\/linkcol=333333\/tracklist=false\/artwork=small\/transparent=true\/\" seamless=\"\"><a href=\"http:\/\/rurik.bandcamp.com\/track\/oizys\">oizys\u306e\u5c71\u3005 by Rurik Sall\u00e9<\/a><\/iframe><\/li>\n<\/ul>\n<div class=\"an\">\n<h2>2017<\/h2>\n<ul>\n<li>Sortie de l&rsquo;album solo instrumental <strong>Quatre semaines dans la p\u00e9nombre<\/strong><\/li>\n<li>Cr\u00e9ation sonore pour l&rsquo;exposition <strong>Necronomicon Chronicles\u00a0: From the desert city<\/strong> \u00e0 Osaka, Japon<\/li>\n<li>G\u00e9n\u00e9rique de l&rsquo;\u00e9mission web\u00a0(<strong>Titre Provisoire<\/strong>)<br \/>\n<iframe style=\"border: 0; width: 100%; height: 241px;\" src=\"https:\/\/bandcamp.com\/EmbeddedPlayer\/album=1507664436\/size=large\/bgcol=ffffff\/linkcol=0687f5\/artwork=small\/transparent=true\/\" seamless=\"\"><a href=\"http:\/\/rurik.bandcamp.com\/album\/quatre-semaines-dans-la-p-nombre\">Quatre semaines dans la p\u00e9nombre by Rurik Sall\u00e9<\/a><\/iframe><br \/>\n<iframe style=\"border: 0; width: 100%; height: 120px;\" src=\"https:\/\/bandcamp.com\/EmbeddedPlayer\/album=4240391799\/size=large\/bgcol=ffffff\/linkcol=333333\/tracklist=false\/artwork=small\/track=1505656362\/transparent=true\/\" seamless=\"\"><a href=\"http:\/\/rurik.bandcamp.com\/album\/stuff\">Stuff by Rurik Sall\u00e9<\/a><\/iframe><\/li>\n<\/ul>\n<\/div>\n<div class=\"an\">\n<h2>2016<\/h2>\n<ul>\n<li>Cr\u00e9ation sonore pour l&rsquo;exposition <strong>Necronomicon Chronicles<\/strong>\u00a0\u00e0 Osaka, Japon<\/li>\n<li>Bande originale du documentaire <strong>Au Petit p\u00e9ch\u00e9<\/strong>\u00a0(r\u00e9al. E.P\u00e9ch\u00e9)<\/li>\n<li>Musique pour\u00a0le\u00a0long-m\u00e9trage <strong>The Shelter<\/strong> (Canada, r\u00e9al. J.Fallon)<\/li>\n<li>Adaptation du th\u00e8me du film <strong>Le Corps de mon ennemi<\/strong> pour le groupe Fugu Dal Bronx, sur la compilation <em>Distorno\u00efz<\/em><\/li>\n<li>Adaptation du th\u00e8me du film <strong>La Ch\u00e8vre<\/strong> pour la compilation <em>Distorno\u00efz<\/em><br \/>\n<iframe style=\"border: 0; width: 100%; height: 120px;\" src=\"https:\/\/bandcamp.com\/EmbeddedPlayer\/album=276603975\/size=large\/bgcol=ffffff\/linkcol=333333\/tracklist=false\/artwork=small\/transparent=true\/\" seamless=\"\"><a href=\"http:\/\/rurik.bandcamp.com\/album\/necronomicon-chronicles-the-soundtrack\">Necronomicon Chronicles, the soundtrack by Rurik Sall\u00e9<\/a><\/iframe><br \/>\n<iframe style=\"border: 0; width: 100%; height: 120px;\" src=\"https:\/\/bandcamp.com\/EmbeddedPlayer\/album=4089431168\/size=large\/bgcol=ffffff\/linkcol=333333\/tracklist=false\/artwork=small\/track=93233371\/transparent=true\/\" seamless=\"\"><a href=\"http:\/\/rurik.bandcamp.com\/album\/sans-voix\">Sans voix by Rurik Sall\u00e9<\/a><\/iframe><br \/>\n<iframe style=\"border: 0; width: 100%; height: 120px;\" src=\"https:\/\/bandcamp.com\/EmbeddedPlayer\/track=1824691211\/size=large\/bgcol=ffffff\/linkcol=333333\/tracklist=false\/artwork=small\/transparent=true\/\" seamless=\"\"><a href=\"http:\/\/fugudalbronx.bandcamp.com\/track\/le-corps-de-mon-ennemi\">Le Corps de mon ennemi by Fugu Dal Bronx<\/a><\/iframe><br \/>\n<iframe style=\"border: 0; width: 100%; height: 120px;\" src=\"https:\/\/bandcamp.com\/EmbeddedPlayer\/track=1999546779\/size=large\/bgcol=ffffff\/linkcol=333333\/tracklist=false\/artwork=small\/transparent=true\/\" seamless=\"\"><a href=\"http:\/\/rurik.bandcamp.com\/track\/la-ch-vre\">La Ch\u00e8vre by Rurik Sall\u00e9<\/a><\/iframe><br \/>\n<iframe style=\"border: 0; width: 100%; height: 275px;\" src=\"https:\/\/bandcamp.com\/EmbeddedPlayer\/album=1154878237\/size=large\/bgcol=ffffff\/linkcol=333333\/artwork=small\/transparent=true\/\" seamless=\"\"><span style=\"display: inline-block; width: 0px; overflow: hidden; line-height: 0;\" data-mce-type=\"bookmark\" class=\"mce_SELRES_start\"><\/span><a href=\"http:\/\/rurik.bandcamp.com\/album\/au-petit-p-ch\">Au Petit P\u00e9ch\u00e9 by Rurik Sall\u00e9<\/a><\/iframe><\/li>\n<\/ul>\n<div class=\"an\">\n<h2>2015<\/h2>\n<ul>\n<li>Bande originale du long-m\u00e9trage <strong>Billy Trigger<\/strong> (Canada\/USA, r\u00e9al. C.Viel)<\/li>\n<\/ul>\n<\/div>\n<div class=\"an\">\n<h2>2014<\/h2>\n<ul>\n<li>G\u00e9n\u00e9rique de l&rsquo;\u00e9mission TV\u00a0<strong>+ ou &#8211; Geek<\/strong><\/li>\n<li>G\u00e9n\u00e9rique de l&rsquo;\u00e9mission web <strong>Distorsion<\/strong><\/li>\n<li>Composition de <strong>Virgina<\/strong> pour le groupe Fugu Dal Bronx<br \/>\n<iframe style=\"border: 0; width: 100%; height: 120px;\" src=\"https:\/\/bandcamp.com\/EmbeddedPlayer\/album=4240391799\/size=large\/bgcol=ffffff\/linkcol=333333\/tracklist=false\/artwork=small\/track=1734606720\/transparent=true\/\" seamless=\"\"><a href=\"http:\/\/rurik.bandcamp.com\/album\/stuff\">Stuff by Rurik Sall\u00e9<\/a><\/iframe><br \/>\n<iframe style=\"border: 0; width: 100%; height: 120px;\" src=\"https:\/\/bandcamp.com\/EmbeddedPlayer\/album=4240391799\/size=large\/bgcol=ffffff\/linkcol=333333\/tracklist=false\/artwork=small\/track=463052830\/transparent=true\/\" seamless=\"\"><a href=\"http:\/\/rurik.bandcamp.com\/album\/stuff\">Stuff by Rurik Sall\u00e9<\/a><\/iframe><br \/>\n<iframe style=\"border: 0; width: 100%; height: 120px;\" src=\"https:\/\/bandcamp.com\/EmbeddedPlayer\/track=2039862578\/size=large\/bgcol=ffffff\/linkcol=0687f5\/tracklist=false\/artwork=small\/transparent=true\/\" seamless=\"\"><a href=\"http:\/\/fugudalbronx.bandcamp.com\/track\/virgina\">Virgina by Fugu Dal Bronx<\/a><\/iframe><\/li>\n<\/ul>\n<\/div>\n<div class=\"an\">\n<h2>2012<\/h2>\n<ul>\n<li>Composition pour le disque <strong>Ti Nedo to Xtro<\/strong> du groupe instrumental Fugu Dal Bronx<br \/>\n<iframe style=\"border: 0; width: 100%; height: 307px;\" src=\"https:\/\/bandcamp.com\/EmbeddedPlayer\/album=2156160709\/size=large\/bgcol=ffffff\/linkcol=333333\/artwork=small\/transparent=true\/\" seamless=\"\"><a href=\"http:\/\/fugudalbronx.bandcamp.com\/album\/ti-nedo-to-xtro\">Ti Nedo To Xtro by Fugu Dal Bronx<\/a><\/iframe><\/li>\n<\/ul>\n<\/div>\n<div class=\"an\">\n<h2>2011<\/h2>\n<ul>\n<li>Composition et interpr\u00e9tation de deux chansons pour le long-m\u00e9trage <strong>Livide<\/strong> (France, r\u00e9al. A.Bustillo, J.Maury)<\/li>\n<li>Composition et interpr\u00e9tation de la chanson <strong>Nice day for a genocide<\/strong><br \/>\n<iframe style=\"border: 0; width: 100%; height: 208px;\" src=\"https:\/\/bandcamp.com\/EmbeddedPlayer\/album=1757131446\/size=large\/bgcol=ffffff\/linkcol=333333\/artwork=small\/transparent=true\/\" seamless=\"\"><a href=\"http:\/\/rurik.bandcamp.com\/album\/livide-o-s-t\">Livide o.s.t. by Rurik Sall\u00e9<\/a><\/iframe><br \/>\n<iframe style=\"border: 0; width: 100%; height: 120px;\" src=\"https:\/\/bandcamp.com\/EmbeddedPlayer\/album=65717717\/size=large\/bgcol=ffffff\/linkcol=0687f5\/tracklist=false\/artwork=small\/track=655720539\/transparent=true\/\" seamless=\"\"><a href=\"https:\/\/rurik.bandcamp.com\/album\/from-various-periods-of-time\">&#8230;from various periods of time. by Rurik Sall\u00e9<\/a><\/iframe><\/li>\n<\/ul>\n<\/div>\n<div class=\"an\">\n<h2>2010<\/h2>\n<ul>\n<li>Musique originale pour <strong>13 films muets<\/strong> de DW Griffith pour France 3 (\u00e9mission <em>Cin\u00e9ma de minuit<\/em>)<br \/>\n<iframe style=\"border: 0; width: 100%; height: 472px;\" src=\"https:\/\/bandcamp.com\/EmbeddedPlayer\/album=1498332220\/size=large\/bgcol=ffffff\/linkcol=333333\/artwork=small\/transparent=true\/\" seamless=\"\"><a href=\"http:\/\/rurik.bandcamp.com\/album\/13-griffith-soundtracks\">13 Griffith soundtracks by Rurik Sall\u00e9<\/a><\/iframe><\/li>\n<\/ul>\n<\/div>\n<div class=\"an\">\n<h2>2009<\/h2>\n<ul>\n<li>Musique originale pour le film <strong>La Conscience vengeresse<\/strong> de DW Griffith<br \/>\n<iframe style=\"border: 0; width: 400px; height: 472px;\" src=\"https:\/\/bandcamp.com\/EmbeddedPlayer\/album=2165469311\/size=large\/bgcol=ffffff\/linkcol=0687f5\/artwork=small\/transparent=true\/\" seamless=\"\"><a href=\"https:\/\/rurik.bandcamp.com\/album\/the-avenging-conscience-o-s-t\">The Avenging Conscience O.S.T. by Rurik Sall\u00e9<\/a><\/iframe><\/li>\n<\/ul>\n<\/div>\n<div class=\"an\">\n<h2>2008<\/h2>\n<ul>\n<li>Composition et interpr\u00e9tation de la chanson <strong>Glass<\/strong><br \/>\n<iframe style=\"border: 0; width: 100%; height: 120px;\" src=\"https:\/\/bandcamp.com\/EmbeddedPlayer\/album=65717717\/size=large\/bgcol=ffffff\/linkcol=0687f5\/tracklist=false\/artwork=small\/track=3639938507\/transparent=true\/\" seamless=\"\"><a href=\"https:\/\/rurik.bandcamp.com\/album\/from-various-periods-of-time\">&#8230;from various periods of time. by Rurik Sall\u00e9<\/a><\/iframe><\/li>\n<\/ul>\n<p>&nbsp;<\/p>\n<p>&gt; Plus de choses sur <a href=\"http:\/\/rurik.bandcamp.com\">rurik.bandcamp.com<\/a><\/p>\n<\/div>\n<\/div>\n<\/li>\n<\/ul>","protected":false},"excerpt":{"rendered":"<p>\u00a0\u00a0\u00a0\u00a0\u00a0 2025 Composition pour la bande originale du long-m\u00e9trage\u00a0Tristitia Noctis, de Lola Brien et L\u00e9o Barranco Cr\u00e9ation musicale du titre The trees that grow in your head pour l&rsquo;exposition \u00ab\u00a0Strange Cabin &amp; The explorer\u00a0\u00bb (\u00ab\u00a0\u5947\u5999\u306a\u5c0f\u5c4b\u3068\u63a2\u7d22\u8005\u00ab\u00a0) \u00e0 Osaka, Japon The trees that grow in your head by Rurik Sall\u00e9 \u00a0\u00a0\u00a0\u00a0\u00a0 2024 Composition et arrangements du morceau [&hellip;]<\/p>","protected":false},"author":1,"featured_media":0,"parent":0,"menu_order":0,"comment_status":"closed","ping_status":"closed","template":"page-musicographie.php","meta":{"footnotes":""},"_links":{"self":[{"href":"http:\/\/zikrurik.com\/en\/wp-json\/wp\/v2\/pages\/8"}],"collection":[{"href":"http:\/\/zikrurik.com\/en\/wp-json\/wp\/v2\/pages"}],"about":[{"href":"http:\/\/zikrurik.com\/en\/wp-json\/wp\/v2\/types\/page"}],"author":[{"embeddable":true,"href":"http:\/\/zikrurik.com\/en\/wp-json\/wp\/v2\/users\/1"}],"replies":[{"embeddable":true,"href":"http:\/\/zikrurik.com\/en\/wp-json\/wp\/v2\/comments?post=8"}],"version-history":[{"count":82,"href":"http:\/\/zikrurik.com\/en\/wp-json\/wp\/v2\/pages\/8\/revisions"}],"predecessor-version":[{"id":171,"href":"http:\/\/zikrurik.com\/en\/wp-json\/wp\/v2\/pages\/8\/revisions\/171"}],"wp:attachment":[{"href":"http:\/\/zikrurik.com\/en\/wp-json\/wp\/v2\/media?parent=8"}],"curies":[{"name":"wp","href":"https:\/\/api.w.org\/{rel}","templated":true}]}}