{"id":6,"date":"2018-10-07T01:53:47","date_gmt":"2018-10-06T23:53:47","guid":{"rendered":"http:\/\/zikrurik.com\/?page_id=6"},"modified":"2025-12-26T03:15:17","modified_gmt":"2025-12-26T02:15:17","slug":"audiographie","status":"publish","type":"page","link":"http:\/\/zikrurik.com\/en\/audiographie\/","title":{"rendered":"AUDIOGRAPHY"},"content":{"rendered":"<p>Rurik Sall\u00e9 est compositeur de <strong>musique de films<\/strong>, de <strong>bandes sonores d&rsquo;expositions<\/strong>, des th\u00e8mes d&rsquo;<strong>\u00e9missions<\/strong>, des <strong>chansons<\/strong> et <strong>instrumentaux rock<\/strong>, et diverses autres choses pour les oreilles.<\/p>\n<p>Il grandit avec des tonnes d&rsquo;instruments autour de lui, commence la guitare \u00e0 11 ans, compose sur Commodore Amiga, puis des chansons pour divers groupes pop et rock. Il signe sa premi\u00e8re musique de film en 2009 avec <em>La Conscience vengeresse<\/em>, muet de DW Griffith de 1914, qui sera suivie par 13 autres B.O. pour des films de Griffith, diffus\u00e9s sur <em>France 3<\/em> au \u00ab\u00a0Cin\u00e9ma de minuit\u00a0\u00bb.<\/p>\n<p>En 2019, le film\u00a0<em>Les Silences de Johnny<\/em> de Pierre-William Glenn, dont il compose la musique, est en s\u00e9lection officielle au Festival de Cannes. Entre 2021 et 2023, Rurik remporte deux Prix de la Meilleure musique de film et trois Prix du Meilleur design sonore pour le film <em>Zmiena<\/em>.<\/p>\n<p>Parmi les instruments qu&rsquo;il utilise pour ses compositions, en les gardant purs ou en les distordant dans tous les sens, on note le piano, la guitare, des claviers divers, la basse, les percussions, sa propre voix, ou encore des instruments ramen\u00e9s de ses s\u00e9jours r\u00e9guliers en Asie, comme le guzheng (harpe chinoise).<\/p>\n<p>Guitariste et principal compositeur du groupe instrumental de saturations fantomatiques <a href=\"https:\/\/fugudalbronx.bandcamp.com\/\">Fugu Dal Bronx<\/a> qu&rsquo;il a fond\u00e9, guitariste et compositeur pour Jean-Pierre Kalfon (l&rsquo;album <a href=\"https:\/\/www.deviation-records.com\/album\/mefistofelange-jean-pierre-kalfon\/\"><em>M\u00e9fistof\u00e9lange<\/em><\/a>), lead guitar du groupe Banane Metalik pendant 6 ans, ancien membre de la r\u00e9daction des magazines <em>Mad Movies<\/em>,\u00a0<em>L&rsquo;\u00c9cran<\/em> <em>fantastique<\/em>, <em>Impact<\/em>, <em>Toxic<\/em><em>,\u00a0Hard n&rsquo;Heavy<\/em>, co-cr\u00e9ateur du magazine <em>Metaluna<span style=\"text-decoration: underline;\">,<\/span><\/em> et fondateur de la structure <a href=\"https:\/\/www.distore.fr\/\"><em>Distorsion<\/em><\/a>, il est \u00e9galement <a href=\"http:\/\/www.ruriksalle.com\">acteur<\/a>, auteur, et sc\u00e9nariste de bande dessin\u00e9es.<\/p>","protected":false},"excerpt":{"rendered":"<p>Rurik Sall\u00e9 est compositeur de musique de films, de bandes sonores d&rsquo;expositions, des th\u00e8mes d&rsquo;\u00e9missions, des chansons et instrumentaux rock, et diverses autres choses pour les oreilles. Il grandit avec des tonnes d&rsquo;instruments autour de lui, commence la guitare \u00e0 11 ans, compose sur Commodore Amiga, puis des chansons pour divers groupes pop et rock. [&hellip;]<\/p>","protected":false},"author":1,"featured_media":20,"parent":0,"menu_order":0,"comment_status":"closed","ping_status":"closed","template":"page-audiographie.php","meta":{"footnotes":""},"_links":{"self":[{"href":"http:\/\/zikrurik.com\/en\/wp-json\/wp\/v2\/pages\/6"}],"collection":[{"href":"http:\/\/zikrurik.com\/en\/wp-json\/wp\/v2\/pages"}],"about":[{"href":"http:\/\/zikrurik.com\/en\/wp-json\/wp\/v2\/types\/page"}],"author":[{"embeddable":true,"href":"http:\/\/zikrurik.com\/en\/wp-json\/wp\/v2\/users\/1"}],"replies":[{"embeddable":true,"href":"http:\/\/zikrurik.com\/en\/wp-json\/wp\/v2\/comments?post=6"}],"version-history":[{"count":16,"href":"http:\/\/zikrurik.com\/en\/wp-json\/wp\/v2\/pages\/6\/revisions"}],"predecessor-version":[{"id":176,"href":"http:\/\/zikrurik.com\/en\/wp-json\/wp\/v2\/pages\/6\/revisions\/176"}],"wp:featuredmedia":[{"embeddable":true,"href":"http:\/\/zikrurik.com\/en\/wp-json\/wp\/v2\/media\/20"}],"wp:attachment":[{"href":"http:\/\/zikrurik.com\/en\/wp-json\/wp\/v2\/media?parent=6"}],"curies":[{"name":"wp","href":"https:\/\/api.w.org\/{rel}","templated":true}]}}