{"id":10,"date":"2018-10-07T01:58:21","date_gmt":"2018-10-06T23:58:21","guid":{"rendered":"http:\/\/zikrurik.com\/?page_id=10"},"modified":"2019-05-13T23:22:21","modified_gmt":"2019-05-13T21:22:21","slug":"mentions-legales","status":"publish","type":"page","link":"http:\/\/zikrurik.com\/en\/mentions-legales\/","title":{"rendered":"MENTIONS L\u00c9GALES"},"content":{"rendered":"<h2>\u00c9dition et direction de la publication<\/h2>\n<p>Rurik Sall\u00e9<\/p>\n<h2>D\u00e9veloppement \/ Graphisme<\/h2>\n<p>Exclamations<br \/>\nLejeune Henri<br \/>\nEmail : info[at]exclamations.fr<\/p>\n<h2>H\u00e9bergement<\/h2>\n<p>1&amp;1 Internet SARL France<br \/>\n7, place de la Gare<br \/>\n57200 SARREGUEMINES<br \/>\nwww.1and1.fr<br \/>\nLe site www.zikrurik.fr est exploit\u00e9 dans le respect de la l\u00e9gislation fran\u00e7aise.<\/p>\n<h2>Propri\u00e9t\u00e9 intellectuelle<\/h2>\n<p>Tout le contenu du pr\u00e9sent site, incluant, de fa\u00e7on non limitative, les graphismes, les photos, textes, vid\u00e9os, animations, sons, logos, gifs et ic\u00f4nes ainsi que leur mise en forme sont la propri\u00e9t\u00e9 exclusive de Rurik Sall\u00e9 \u00e0 l\u2019exception des marques, logos ou contenus appartenant \u00e0 d\u2019autres soci\u00e9t\u00e9s partenaires ou auteurs, stipul\u00e9s comme tels avec leurs cr\u00e9dits associ\u00e9s.<\/p>\n<p>Toute reproduction, distribution, modification, adaptation, retransmission ou publication, m\u00eame partielle, de ces diff\u00e9rents \u00e9l\u00e9ments est strictement interdite sans autorisation et constitue une contrefa\u00e7on sanctionn\u00e9e par les articles L.3335-2 et suivants du Code de la Propri\u00e9t\u00e9 Intellectuelle.<\/p>\n<p>Pour toute demande d\u2019autorisation ou d\u2019information, envoyez un email via la <a href=\"\/en\/contact.html\/\">page contact<\/a>.<br \/>\nDes conditions sp\u00e9cifiques sont pr\u00e9vues pour la presse.<\/p>\n<h2>Marques<\/h2>\n<p>Tous les noms de produits ou de soci\u00e9t\u00e9s mentionn\u00e9s dans le pr\u00e9sent blog appartiennent \u00e0 leurs titulaires respectifs.<\/p>","protected":false},"excerpt":{"rendered":"<p>\u00c9dition et direction de la publication Rurik Sall\u00e9 D\u00e9veloppement \/ Graphisme Exclamations Lejeune Henri Email : info[at]exclamations.fr H\u00e9bergement 1&amp;1 Internet SARL France 7, place de la Gare 57200 SARREGUEMINES www.1and1.fr Le site www.zikrurik.fr est exploit\u00e9 dans le respect de la l\u00e9gislation fran\u00e7aise. Propri\u00e9t\u00e9 intellectuelle Tout le contenu du pr\u00e9sent site, incluant, de fa\u00e7on non limitative, [&hellip;]<\/p>","protected":false},"author":1,"featured_media":0,"parent":0,"menu_order":0,"comment_status":"closed","ping_status":"closed","template":"page-musicographie.php","meta":{"footnotes":""},"_links":{"self":[{"href":"http:\/\/zikrurik.com\/en\/wp-json\/wp\/v2\/pages\/10"}],"collection":[{"href":"http:\/\/zikrurik.com\/en\/wp-json\/wp\/v2\/pages"}],"about":[{"href":"http:\/\/zikrurik.com\/en\/wp-json\/wp\/v2\/types\/page"}],"author":[{"embeddable":true,"href":"http:\/\/zikrurik.com\/en\/wp-json\/wp\/v2\/users\/1"}],"replies":[{"embeddable":true,"href":"http:\/\/zikrurik.com\/en\/wp-json\/wp\/v2\/comments?post=10"}],"version-history":[{"count":2,"href":"http:\/\/zikrurik.com\/en\/wp-json\/wp\/v2\/pages\/10\/revisions"}],"predecessor-version":[{"id":54,"href":"http:\/\/zikrurik.com\/en\/wp-json\/wp\/v2\/pages\/10\/revisions\/54"}],"wp:attachment":[{"href":"http:\/\/zikrurik.com\/en\/wp-json\/wp\/v2\/media?parent=10"}],"curies":[{"name":"wp","href":"https:\/\/api.w.org\/{rel}","templated":true}]}}